{"id":56727,"date":"2022-03-04T14:32:33","date_gmt":"2022-03-04T13:32:33","guid":{"rendered":"https:\/\/www.baranain.es\/?page_id=56727"},"modified":"2022-03-04T14:38:06","modified_gmt":"2022-03-04T13:38:06","slug":"012-2","status":"publish","type":"page","link":"https:\/\/www.baranain.es\/eu\/44590-2\/012-2\/","title":{"rendered":"012"},"content":{"rendered":"<p>Web orri honetan eskeinitako informazioaz gain, Bara\u00f1aingo Udaletxeak 012 telefono zerbitzua eskeintzen du herritarrrei<\/p>\n<h3>Ze zerbitzu eskeintzen ditu 012 &#8211; 948012012 telefono zerbitzuak?<\/h3>\n<ul>\n<li><strong>KUDEAKETA:<\/strong>\u00a0Katastro eta errolda ziurtagiriak eskatu daitezke; beste ziurtagiri motak (ondasunak, zergen ordainketa egunean edukitzea\u2026..); ordainagirien kopiak; inprimakien eskaera; instantziak; ordainagirien ordainketa; ordainketen helbideratzea.<\/li>\n<li><strong>IZEN EMATEA ETA HITZORDUAK:<\/strong>\u00a0Udaletxeak eskeintzen dituen iharduera eta ikastaroetan izen eman daiteke. Sarrerak erosi. Distribuzio zerrendetan harpidetu. Udaleko zerbitzu eta teknikariekin hitzordua zehaztu.<\/li>\n<li><strong>INFORMAZIOA:<\/strong><br \/>\nHerriko eta 012an sartuta dauden herri guztien udal informazioa eskeintzen dizu: instalazioak, zerbitzuak, kultur eta kirol agenda, tramiteak nola egin, ordenantzak, zergak, ikastaroen eskaintzak eta diru-laguntzak, deialdiak eta lehiaketa publikoak, interesezko abisuak, etb.<br \/>\nOinarrizko hornidura enpresen izapideak (telefonoa, gasa, elektrizitatea eta ura), udalekoak ez diren informazioa ere eskaintzen dizu. Izapideak Nafar Gobernuarekin, osasun zerbitzu eta zentruak, hezkuntza, garraioa eta aisia, elkarteak, etb.<\/li>\n<li><strong>ABISU, KEXA ETA IRADOKIZUNAK:<\/strong>\u00a0Zerbitzuei edo udaleko jarduerei buruzko kexak aurkeztu daitezke, iradokizunak egin edo abisu bat eman (hiri-altzariak, argiztapenak\u2026\u2026)<\/li>\n<\/ul>\n<h3>Nola jarri daiteke harremanetan 012 Zerbitzu telefonikoarekin?<\/h3>\n<ul>\n<li><strong>Nafarroan, hiru zenbaki markatuz, 0,1eta 2 eta 948 012 012 zenbakia markatu.<\/strong><\/li>\n<li><strong>Ordutegia, astelehenetik ostiralera 8:00etatik 19:00etara.<\/strong><\/li>\n<li><strong>Gurekin harremanetan jarri zaitezke baita 012@infolocal.org \u2013 ren bidez.<\/strong><\/li>\n<\/ul>\n<h3>Proiektuaren helburua herritarrak udaltxearekin harremena erraztea da, eskura dauden teknologia eta telematikaren bidez.<\/h3>\n<ul>\n<li><strong>012 telefono bidez.<\/strong><\/li>\n<li><strong>Telematiko bidez, Web, e-mail, informazio kioskoa, teletestu, etb.<\/strong><\/li>\n<li><strong>Udaltxetako herritarra hartzeko bulegoetara joanez.<\/strong><\/li>\n<\/ul>\n<p><strong>INFOLOCAL Proiektuaren barruan dauden Udaletxeak, mankomunitateak eta Nafar gobernuko unitateak hauek dira:<\/strong><\/p>\n<h4>Entitate Lokalak:<\/h4>\n<p><strong>Altsasu \/ Alsasua;Anso\u00e1in; Anue; Aoiz Agoitz; Aranguren\u00a0<\/strong>(Labiano, Zolina, Tajonar, Aranguren, Mutilva Alta y Mutilva Baja);<strong> Areso; Bara\u00f1ain; Bazt\u00e1n\u00a0<\/strong>(Almandoz, Amaiur-Maya, Aniz, Arizkun, Arraioz, Azpilikueta, Berroeta, Elbete, Elizondo, Erratzu, Gartzain, Irurita, Lekaroz, Oronoz-Mugairi, Ziga);\u00a0<strong>Bera; Beri\u00e1in; Berrioplano<\/strong>\u00a0(A\u00f1ezcar, Artica, Oteiza de Berrioplano, Berrioplano, Larragueta, Berriosuso, Elcarte, Loza, Aizo\u00e1in, Ballariain);\u00a0<strong>Berriozar; Burlada Burlata; Cadreita; Caparroso; C\u00e1seda; Cendea de Cizur<\/strong>\u00a0(Undiano, Muru &#8211; Astr\u00e1in, Zariquiegui, Astr\u00e1in, Larraya, Patern\u00e1in, Cizur Menor, Gazolaz);<strong>Corella; Esteribar\u00a0<\/strong>(Agorreta, Ilurdotz, Antxoritz, Leranotz, Iragi, Irota, Eugi, Larrasoa\u00f1a, Inbuluzketa, Saigos, Olloki, Urtasun, Zuri\u00e1in, Urdanitz-Urdanitz, Zabaldika, Zubiri, Saras\u00edbar.);\u00a0<strong>Ezcabarte\u00a0<\/strong>(Sorauren, Oricain, Cildoz, Eusa, Orrio, Maquirriain (Ezcabarte), Azoz, Arre);\u00a0<strong>Ezcaroz Ezkaroz; Fitero; Fontellas; Goizueta; Guesalaz; Huarte Uharte; Iza\u00a0<\/strong>(Aguinaga, Gulina, Erice (Iza), Sarasa, Aldaba, Atondo, Sarasate, Iza, Lete, Larumbe, Cia, Ariz, Ochovi y la Urbanizaci\u00f3n Zuasti);\u00a0<strong>Izaga, Manc.\u00a0<\/strong>(Urroz, Izagaondoa (Ardanaz de Izagaondoa), Lizo\u00e1in, Unciti (Alz\u00f3rriz, Art\u00e1iz, Cembor\u00e1in, Najurieta, Unciti, Zabalceta), Ibargoiti (Ab\u00ednzano, Idocin, Izko, Salinas de Ibargoiti), Monreal);\u00a0<strong>Jaurrieta; Leitza; Ler\u00edn; Lodosa; Los Arcos; Luzaide \/ Valcarlos; Milagro; No\u00e1in (Valle de Elorz) Noain (Elorztzibar)\u00a0\u00a0<\/strong>(Im\u00e1rcoain, No\u00e1in, Zabalegui, Torres (Elorz), Y\u00e1rnoz, Guerendi\u00e1in (Elorz), Elorz, Zulueta);\u00a0<strong>Ochagav\u00eda Otsagabia; Olazti \/ Olazagutia; Olite; Oronz Orontze; Salazar, Junta del V. de\u00a0<\/strong>(s\u00f3lo para los Aytos. De Ezcaroz, Jaurrieta, Ochagav\u00eda y Oronz);\u00a0<strong>Salinas de Oro; Sansol; Tafalla;\u00a0<\/strong><strong>Ultzama\u00a0<\/strong>(Alkotz, Arraitz &#8211; Orkin, Auza, Eltso, Eltzaburu, Gorrontz &#8211; Olano, Guerendi\u00e1in de Ultzama, Ilarregui, Iraizotz, Larraintzar, Lizaso, Suarbe, Urritzola &#8211; Galain, Zenotz)<strong>; Valdizarbe, Manc.\u00a0<\/strong>(Adi\u00f3s, En\u00e9riz, Legarda, Muruz\u00e1bal, Tirapu, Ucar, Uterga, Obanos);\u00a0<strong>Valle de Eg\u00fc\u00e9s<\/strong>\u00a0(Olaz, Ibiricu (Eg\u00fc\u00e9s), Alzuza, Ardanaz (Eg\u00fc\u00e9s), Azpa, Badost\u00e1in, Sagaseta, Elcano, Eg\u00fc\u00e9s, El\u00eda, Sarriguren);\u00a0<strong>Valtierra; Viana; Villafranca; Villava; Yerri Deierri; Zizur Mayor<\/strong><strong> Zizur Nagusia<\/strong><\/p>\n<p><strong>\u00a0<\/strong><strong>Nafar Gobernuko entitateak:<\/strong>\u00a0Nafarroako enplegu zerbitzua (NEZ): D.G. Ingurumen eta ura, NASU VINSA (Etxebizitza eta solairuak, Nafarroa)<\/p>\n","protected":false},"excerpt":{"rendered":"<p>Web orri honetan eskeinitako informazioaz gain, Bara\u00f1aingo Udaletxeak 012 telefono zerbitzua eskeintzen du herritarrrei Ze zerbitzu eskeintzen ditu 012 &#8211; 948012012 telefono zerbitzuak? KUDEAKETA:\u00a0Katastro eta errolda ziurtagiriak eskatu daitezke; beste ziurtagiri motak (ondasunak, zergen ordainketa egunean edukitzea\u2026..); ordainagirien kopiak; inprimakien eskaera; instantziak; ordainagirien ordainketa; ordainketen helbideratzea. IZEN EMATEA ETA HITZORDUAK:\u00a0Udaletxeak eskeintzen dituen iharduera eta ikastaroetan [&hellip;]<\/p>\n","protected":false},"author":19022,"featured_media":0,"parent":44590,"menu_order":0,"comment_status":"closed","ping_status":"closed","template":"","meta":{"_exactmetrics_skip_tracking":false,"_exactmetrics_sitenote_active":false,"_exactmetrics_sitenote_note":"","_exactmetrics_sitenote_category":0,"footnotes":""},"yoast_head":"<!-- This site is optimized with the Yoast SEO plugin v22.3 - https:\/\/yoast.com\/wordpress\/plugins\/seo\/ -->\r\n<title>012 - Ayuntamiento de Bara\u00f1ain\/Bara\u00f1aingo Udala<\/title>\r\n<meta name=\"robots\" content=\"index, follow, max-snippet:-1, max-image-preview:large, max-video-preview:-1\" \/>\r\n<link rel=\"canonical\" href=\"https:\/\/www.baranain.es\/eu\/44590-2\/012-2\/\" \/>\r\n<meta property=\"og:locale\" content=\"eu_ES\" \/>\r\n<meta property=\"og:type\" content=\"article\" \/>\r\n<meta property=\"og:title\" content=\"012 - Ayuntamiento de Bara\u00f1ain\/Bara\u00f1aingo Udala\" \/>\r\n<meta property=\"og:description\" content=\"Web orri honetan eskeinitako informazioaz gain, Bara\u00f1aingo Udaletxeak 012 telefono zerbitzua eskeintzen du herritarrrei Ze zerbitzu eskeintzen ditu 012 &#8211; 948012012 telefono zerbitzuak? KUDEAKETA:\u00a0Katastro eta errolda ziurtagiriak eskatu daitezke; beste ziurtagiri motak (ondasunak, zergen ordainketa egunean edukitzea\u2026..); ordainagirien kopiak; inprimakien eskaera; instantziak; ordainagirien ordainketa; ordainketen helbideratzea. IZEN EMATEA ETA HITZORDUAK:\u00a0Udaletxeak eskeintzen dituen iharduera eta ikastaroetan [&hellip;]\" \/>\r\n<meta property=\"og:url\" content=\"https:\/\/www.baranain.es\/eu\/44590-2\/012-2\/\" \/>\r\n<meta property=\"og:site_name\" content=\"Ayuntamiento de Bara\u00f1ain\/Bara\u00f1aingo Udala\" \/>\r\n<meta property=\"article:modified_time\" content=\"2022-03-04T13:38:06+00:00\" \/>\r\n<meta name=\"twitter:card\" content=\"summary_large_image\" \/>\r\n<meta name=\"twitter:label1\" content=\"Est. reading time\" \/>\n\t<meta name=\"twitter:data1\" content=\"3 minutes\" \/>\r\n<script type=\"application\/ld+json\" class=\"yoast-schema-graph\">{\"@context\":\"https:\/\/schema.org\",\"@graph\":[{\"@type\":\"WebPage\",\"@id\":\"https:\/\/www.baranain.es\/eu\/44590-2\/012-2\/\",\"url\":\"https:\/\/www.baranain.es\/eu\/44590-2\/012-2\/\",\"name\":\"012 - Ayuntamiento de Bara\u00f1ain\/Bara\u00f1aingo Udala\",\"isPartOf\":{\"@id\":\"https:\/\/www.baranain.es\/eu\/#website\"},\"datePublished\":\"2022-03-04T13:32:33+00:00\",\"dateModified\":\"2022-03-04T13:38:06+00:00\",\"breadcrumb\":{\"@id\":\"https:\/\/www.baranain.es\/eu\/44590-2\/012-2\/#breadcrumb\"},\"inLanguage\":\"eu-ES\",\"potentialAction\":[{\"@type\":\"ReadAction\",\"target\":[\"https:\/\/www.baranain.es\/eu\/44590-2\/012-2\/\"]}]},{\"@type\":\"BreadcrumbList\",\"@id\":\"https:\/\/www.baranain.es\/eu\/44590-2\/012-2\/#breadcrumb\",\"itemListElement\":[{\"@type\":\"ListItem\",\"position\":1,\"name\":\"Home\",\"item\":\"https:\/\/www.baranain.es\/eu\/\"},{\"@type\":\"ListItem\",\"position\":2,\"name\":\"012\"}]},{\"@type\":\"WebSite\",\"@id\":\"https:\/\/www.baranain.es\/eu\/#website\",\"url\":\"https:\/\/www.baranain.es\/eu\/\",\"name\":\"Ayuntamiento de Bara\u00f1ain\/Bara\u00f1aingo Udala\",\"description\":\"Ayuntamiento de Bara\u00f1ain\/Bara\u00f1aingo Udala\",\"potentialAction\":[{\"@type\":\"SearchAction\",\"target\":{\"@type\":\"EntryPoint\",\"urlTemplate\":\"https:\/\/www.baranain.es\/eu\/?s={search_term_string}\"},\"query-input\":\"required name=search_term_string\"}],\"inLanguage\":\"eu-ES\"}]}<\/script>\r\n<!-- \/ Yoast SEO plugin. -->","yoast_head_json":{"title":"012 - Ayuntamiento de Bara\u00f1ain\/Bara\u00f1aingo Udala","robots":{"index":"index","follow":"follow","max-snippet":"max-snippet:-1","max-image-preview":"max-image-preview:large","max-video-preview":"max-video-preview:-1"},"canonical":"https:\/\/www.baranain.es\/eu\/44590-2\/012-2\/","og_locale":"eu_ES","og_type":"article","og_title":"012 - Ayuntamiento de Bara\u00f1ain\/Bara\u00f1aingo Udala","og_description":"Web orri honetan eskeinitako informazioaz gain, Bara\u00f1aingo Udaletxeak 012 telefono zerbitzua eskeintzen du herritarrrei Ze zerbitzu eskeintzen ditu 012 &#8211; 948012012 telefono zerbitzuak? KUDEAKETA:\u00a0Katastro eta errolda ziurtagiriak eskatu daitezke; beste ziurtagiri motak (ondasunak, zergen ordainketa egunean edukitzea\u2026..); ordainagirien kopiak; inprimakien eskaera; instantziak; ordainagirien ordainketa; ordainketen helbideratzea. IZEN EMATEA ETA HITZORDUAK:\u00a0Udaletxeak eskeintzen dituen iharduera eta ikastaroetan [&hellip;]","og_url":"https:\/\/www.baranain.es\/eu\/44590-2\/012-2\/","og_site_name":"Ayuntamiento de Bara\u00f1ain\/Bara\u00f1aingo Udala","article_modified_time":"2022-03-04T13:38:06+00:00","twitter_card":"summary_large_image","twitter_misc":{"Est. reading time":"3 minutes"},"schema":{"@context":"https:\/\/schema.org","@graph":[{"@type":"WebPage","@id":"https:\/\/www.baranain.es\/eu\/44590-2\/012-2\/","url":"https:\/\/www.baranain.es\/eu\/44590-2\/012-2\/","name":"012 - Ayuntamiento de Bara\u00f1ain\/Bara\u00f1aingo Udala","isPartOf":{"@id":"https:\/\/www.baranain.es\/eu\/#website"},"datePublished":"2022-03-04T13:32:33+00:00","dateModified":"2022-03-04T13:38:06+00:00","breadcrumb":{"@id":"https:\/\/www.baranain.es\/eu\/44590-2\/012-2\/#breadcrumb"},"inLanguage":"eu-ES","potentialAction":[{"@type":"ReadAction","target":["https:\/\/www.baranain.es\/eu\/44590-2\/012-2\/"]}]},{"@type":"BreadcrumbList","@id":"https:\/\/www.baranain.es\/eu\/44590-2\/012-2\/#breadcrumb","itemListElement":[{"@type":"ListItem","position":1,"name":"Home","item":"https:\/\/www.baranain.es\/eu\/"},{"@type":"ListItem","position":2,"name":"012"}]},{"@type":"WebSite","@id":"https:\/\/www.baranain.es\/eu\/#website","url":"https:\/\/www.baranain.es\/eu\/","name":"Ayuntamiento de Bara\u00f1ain\/Bara\u00f1aingo Udala","description":"Ayuntamiento de Bara\u00f1ain\/Bara\u00f1aingo Udala","potentialAction":[{"@type":"SearchAction","target":{"@type":"EntryPoint","urlTemplate":"https:\/\/www.baranain.es\/eu\/?s={search_term_string}"},"query-input":"required name=search_term_string"}],"inLanguage":"eu-ES"}]}},"_links":{"self":[{"href":"https:\/\/www.baranain.es\/eu\/wp-json\/wp\/v2\/pages\/56727"}],"collection":[{"href":"https:\/\/www.baranain.es\/eu\/wp-json\/wp\/v2\/pages"}],"about":[{"href":"https:\/\/www.baranain.es\/eu\/wp-json\/wp\/v2\/types\/page"}],"author":[{"embeddable":true,"href":"https:\/\/www.baranain.es\/eu\/wp-json\/wp\/v2\/users\/19022"}],"replies":[{"embeddable":true,"href":"https:\/\/www.baranain.es\/eu\/wp-json\/wp\/v2\/comments?post=56727"}],"version-history":[{"count":4,"href":"https:\/\/www.baranain.es\/eu\/wp-json\/wp\/v2\/pages\/56727\/revisions"}],"predecessor-version":[{"id":56731,"href":"https:\/\/www.baranain.es\/eu\/wp-json\/wp\/v2\/pages\/56727\/revisions\/56731"}],"up":[{"embeddable":true,"href":"https:\/\/www.baranain.es\/eu\/wp-json\/wp\/v2\/pages\/44590"}],"wp:attachment":[{"href":"https:\/\/www.baranain.es\/eu\/wp-json\/wp\/v2\/media?parent=56727"}],"curies":[{"name":"wp","href":"https:\/\/api.w.org\/{rel}","templated":true}]}}