{"id":44660,"date":"2013-06-20T14:17:35","date_gmt":"2013-06-20T12:17:35","guid":{"rendered":"http:\/\/localhost:8000\/argitalpenak\/"},"modified":"2023-04-03T08:10:17","modified_gmt":"2023-04-03T07:10:17","slug":"argitalpenak","status":"publish","type":"page","link":"https:\/\/www.baranain.es\/eu\/udala\/argitalpenak\/","title":{"rendered":"Argitalpenak"},"content":{"rendered":"<table style=\"width: 650px;height: 40px\">\n<tbody>\n<tr style=\"height: 93px\">\n<td style=\"text-align: center;background-color: #206fb7;width: 214px;height: 93px\" width=\"33%\">\n<h4 style=\"margin-bottom: 0px;color: #ffffff\">Udal Informazio Aldizkaria<\/h4>\n<\/td>\n<td style=\"text-align: center;background-color: #206fb7;width: 214px;height: 93px\" width=\"33%\">\n<h4 style=\"margin-bottom: 0px;color: #ffffff\">Agenda Kulturala<\/h4>\n<\/td>\n<td style=\"text-align: center;background-color: #206fb7;width: 214px;height: 93px\" width=\"33%\">\n<h4 style=\"margin-bottom: 0px;color: #ffffff\">Vivir en Bara\u00f1ain<\/h4>\n<\/td>\n<\/tr>\n<tr style=\"height: 2367px\">\n<td style=\"text-align: center;vertical-align: top;padding-bottom: 30px;width: 214px;height: 2367px\" width=\"33%\"><img loading=\"lazy\" decoding=\"async\" class=\"alignnone wp-image-65440 size-medium\" src=\"https:\/\/www.baranain.es\/wp-content\/uploads\/2023\/04\/Boletin-noticias-Baranain-MAR-2023-5-copia_1-1-212x300.jpg\" alt=\"\" width=\"212\" height=\"300\" srcset=\"https:\/\/www.baranain.es\/wp-content\/uploads\/2023\/04\/Boletin-noticias-Baranain-MAR-2023-5-copia_1-1-212x300.jpg 212w, https:\/\/www.baranain.es\/wp-content\/uploads\/2023\/04\/Boletin-noticias-Baranain-MAR-2023-5-copia_1-1-724x1024.jpg 724w, https:\/\/www.baranain.es\/wp-content\/uploads\/2023\/04\/Boletin-noticias-Baranain-MAR-2023-5-copia_1-1-768x1086.jpg 768w, https:\/\/www.baranain.es\/wp-content\/uploads\/2023\/04\/Boletin-noticias-Baranain-MAR-2023-5-copia_1-1-1086x1536.jpg 1086w, https:\/\/www.baranain.es\/wp-content\/uploads\/2023\/04\/Boletin-noticias-Baranain-MAR-2023-5-copia_1-1-1448x2048.jpg 1448w, https:\/\/www.baranain.es\/wp-content\/uploads\/2023\/04\/Boletin-noticias-Baranain-MAR-2023-5-copia_1-1-300x424.jpg 300w, https:\/\/www.baranain.es\/wp-content\/uploads\/2023\/04\/Boletin-noticias-Baranain-MAR-2023-5-copia_1-1-81x115.jpg 81w, https:\/\/www.baranain.es\/wp-content\/uploads\/2023\/04\/Boletin-noticias-Baranain-MAR-2023-5-copia_1-1.jpg 1654w\" sizes=\"(max-width: 212px) 100vw, 212px\" \/><br \/>\n<a href=\"https:\/\/www.baranain.es\/eu\/44590-2\/udal-informazio-aldizkaria\/\" target=\"_blank\" rel=\"noopener noreferrer\">Hemeroteka<\/a><br \/>\n<a href=\"https:\/\/www.baranain.es\/wp-content\/uploads\/2023\/04\/Boletin-noticias-Baranain-MAR-2023-5-copia.pdf\" target=\"_blank\" rel=\"noopener noreferrer\">Argitalpena ireki<\/a><\/td>\n<td style=\"text-align: center;vertical-align: top;padding-bottom: 10px;width: 214px;height: 2367px\" width=\"33%\">\n<p><img loading=\"lazy\" decoding=\"async\" class=\"aligncenter size-full wp-image-56342\" src=\"https:\/\/www.baranain.es\/wp-content\/uploads\/2022\/02\/CUL-720x340AGENDA03-22.png\" alt=\"\" width=\"720\" height=\"339\" srcset=\"https:\/\/www.baranain.es\/wp-content\/uploads\/2022\/02\/CUL-720x340AGENDA03-22.png 720w, https:\/\/www.baranain.es\/wp-content\/uploads\/2022\/02\/CUL-720x340AGENDA03-22-300x141.png 300w, https:\/\/www.baranain.es\/wp-content\/uploads\/2022\/02\/CUL-720x340AGENDA03-22-540x253.png 540w, https:\/\/www.baranain.es\/wp-content\/uploads\/2022\/02\/CUL-720x340AGENDA03-22-244x115.png 244w\" sizes=\"(max-width: 720px) 100vw, 720px\" \/><\/p>\n<p>&nbsp;<\/p>\n<p><a href=\"https:\/\/www.baranain.es\/eu\/gaurkotasuna\/agenda-kulturala\/\" target=\"_blank\" rel=\"noopener noreferrer\">Hemeroteka<\/a><\/p>\n<p><a href=\"https:\/\/www.baranain.es\/wp-content\/uploads\/2022\/02\/CUL-Agenda-Baran\u0303ain-mzo-ab-2022-web.pdf\">Argitalpena ireki<\/a><\/td>\n<td style=\"text-align: center;vertical-align: top;padding-bottom: 10px;width: 214px;height: 2367px\" width=\"33%\"><img loading=\"lazy\" decoding=\"async\" class=\"alignnone size-full wp-image-35827\" src=\"http:\/\/localhost:8000\/wp-content\/uploads\/2020\/11\/VIVIR-BARANAIN-dic2019.jpg\" alt=\"\" width=\"1654\" height=\"2339\" srcset=\"https:\/\/www.baranain.es\/wp-content\/uploads\/2020\/11\/VIVIR-BARANAIN-dic2019.jpg 1654w, https:\/\/www.baranain.es\/wp-content\/uploads\/2020\/11\/VIVIR-BARANAIN-dic2019-212x300.jpg 212w, https:\/\/www.baranain.es\/wp-content\/uploads\/2020\/11\/VIVIR-BARANAIN-dic2019-768x1086.jpg 768w, https:\/\/www.baranain.es\/wp-content\/uploads\/2020\/11\/VIVIR-BARANAIN-dic2019-724x1024.jpg 724w, https:\/\/www.baranain.es\/wp-content\/uploads\/2020\/11\/VIVIR-BARANAIN-dic2019-300x424.jpg 300w\" sizes=\"(max-width: 1654px) 100vw, 1654px\" \/><br \/>\n<a href=\"http:\/\/www.baranain.es\/general\/vivir-en-baranain\/\" target=\"_blank\" rel=\"noopener noreferrer\">Hemeroteka<\/a><br \/>\n<a href=\"http:\/\/www.baranain.es\/wp-content\/uploads\/2020\/11\/VIVIR-BARANAIN-dic2019.pdf\" target=\"_blank\" rel=\"noopener noreferrer\">Argitalpena ireki<\/a><\/td>\n<\/tr>\n<tr style=\"height: 117px\">\n<td style=\"text-align: center;background-color: #206fb7;width: 214px;height: 117px\">\n<h4 style=\"margin-bottom: 0px;color: #ffffff\">Vivir en Bara\u00f1\u00e1in-en web gunea<\/h4>\n<\/td>\n<td style=\"text-align: center;background-color: #206fb7;width: 214px;height: 117px\">\n<h4 style=\"margin-bottom: 0px;color: #ffffff\">Plazaberri<\/h4>\n<\/td>\n<td style=\"text-align: center;background-color: #206fb7;width: 214px;height: 117px\">\n<h4 style=\"margin-bottom: 0px;color: #ffffff\">Ze Berri?<\/h4>\n<\/td>\n<\/tr>\n<tr style=\"height: 90px\">\n<td style=\"text-align: center;width: 214px;height: 90px\"><a href=\"http:\/\/www.diariodenavarra.es\/suplementos\/vivir_baranain\/21350_vivir_baranain.html\" target=\"_blank\" rel=\"noopener noreferrer\"><img loading=\"lazy\" decoding=\"async\" class=\"aligncenter wp-image-44777\" src=\"https:\/\/www.baranain.es\/wp-content\/uploads\/2013\/06\/VivirEnBaranain-300x78.png\" alt=\"Logo Vivir en Bara\u00f1\u00e1in\" width=\"180\" height=\"47\" srcset=\"https:\/\/www.baranain.es\/wp-content\/uploads\/2013\/06\/VivirEnBaranain-300x78.png 300w, https:\/\/www.baranain.es\/wp-content\/uploads\/2013\/06\/VivirEnBaranain.png 392w\" sizes=\"(max-width: 180px) 100vw, 180px\" \/><\/a><\/td>\n<td style=\"text-align: center;width: 214px;height: 90px\"><a href=\"http:\/\/plazaberri.info\" target=\"_blank\" rel=\"noopener noreferrer\"><img loading=\"lazy\" decoding=\"async\" class=\"aligncenter wp-image-44755\" src=\"https:\/\/www.baranain.es\/wp-content\/uploads\/2013\/06\/PLAZABERRI2-300x181.png\" alt=\"PLAZABERRI2\" width=\"180\" height=\"109\" srcset=\"https:\/\/www.baranain.es\/wp-content\/uploads\/2013\/06\/PLAZABERRI2-300x181.png 300w, https:\/\/www.baranain.es\/wp-content\/uploads\/2013\/06\/PLAZABERRI2-600x362.png 600w, https:\/\/www.baranain.es\/wp-content\/uploads\/2013\/06\/PLAZABERRI2.png 663w\" sizes=\"(max-width: 180px) 100vw, 180px\" \/><\/a><\/td>\n<td style=\"text-align: center;width: 214px;height: 90px\"><a href=\"http:\/\/zeberri.eus\" target=\"_blank\" rel=\"noopener noreferrer\"><img loading=\"lazy\" decoding=\"async\" class=\"aligncenter wp-image-44190\" src=\"https:\/\/www.baranain.es\/wp-content\/uploads\/\/wp-content\/uploads\/2013\/04\/BANNER_ZB.jpg\" alt=\"BANNER_ZB\" width=\"180\" height=\"90\" \/><\/a><\/td>\n<\/tr>\n<\/tbody>\n<\/table>\n<p>&nbsp;<\/p>\n","protected":false},"excerpt":{"rendered":"<p>Udal Informazio Aldizkaria Agenda Kulturala Vivir en Bara\u00f1ain Hemeroteka Argitalpena ireki &nbsp; Hemeroteka Argitalpena ireki Hemeroteka Argitalpena ireki Vivir en Bara\u00f1\u00e1in-en web gunea Plazaberri Ze Berri? &nbsp;<\/p>\n","protected":false},"author":1,"featured_media":0,"parent":43540,"menu_order":67,"comment_status":"closed","ping_status":"closed","template":"","meta":{"_exactmetrics_skip_tracking":false,"_exactmetrics_sitenote_active":false,"_exactmetrics_sitenote_note":"","_exactmetrics_sitenote_category":0,"footnotes":""},"yoast_head":"<!-- This site is optimized with the Yoast SEO plugin v22.3 - https:\/\/yoast.com\/wordpress\/plugins\/seo\/ -->\r\n<title>Argitalpenak - Ayuntamiento de Bara\u00f1ain\/Bara\u00f1aingo Udala<\/title>\r\n<meta name=\"robots\" content=\"index, follow, max-snippet:-1, max-image-preview:large, max-video-preview:-1\" \/>\r\n<link rel=\"canonical\" href=\"https:\/\/www.baranain.es\/eu\/udala\/argitalpenak\/\" \/>\r\n<meta property=\"og:locale\" content=\"eu_ES\" \/>\r\n<meta property=\"og:type\" content=\"article\" \/>\r\n<meta property=\"og:title\" content=\"Argitalpenak - Ayuntamiento de Bara\u00f1ain\/Bara\u00f1aingo Udala\" \/>\r\n<meta property=\"og:description\" content=\"Udal Informazio Aldizkaria Agenda Kulturala Vivir en Bara\u00f1ain Hemeroteka Argitalpena ireki &nbsp; Hemeroteka Argitalpena ireki Hemeroteka Argitalpena ireki Vivir en Bara\u00f1\u00e1in-en web gunea Plazaberri Ze Berri? &nbsp;\" \/>\r\n<meta property=\"og:url\" content=\"https:\/\/www.baranain.es\/eu\/udala\/argitalpenak\/\" \/>\r\n<meta property=\"og:site_name\" content=\"Ayuntamiento de Bara\u00f1ain\/Bara\u00f1aingo Udala\" \/>\r\n<meta property=\"article:modified_time\" content=\"2023-04-03T07:10:17+00:00\" \/>\r\n<meta property=\"og:image\" content=\"https:\/\/www.baranain.es\/wp-content\/uploads\/2023\/04\/Boletin-noticias-Baranain-MAR-2023-5-copia_1-1-212x300.jpg\" \/>\r\n<meta name=\"twitter:card\" content=\"summary_large_image\" \/>\r\n<meta name=\"twitter:label1\" content=\"Est. reading time\" \/>\n\t<meta name=\"twitter:data1\" content=\"2 minutes\" \/>\r\n<script type=\"application\/ld+json\" class=\"yoast-schema-graph\">{\"@context\":\"https:\/\/schema.org\",\"@graph\":[{\"@type\":\"WebPage\",\"@id\":\"https:\/\/www.baranain.es\/eu\/udala\/argitalpenak\/\",\"url\":\"https:\/\/www.baranain.es\/eu\/udala\/argitalpenak\/\",\"name\":\"Argitalpenak - Ayuntamiento de Bara\u00f1ain\/Bara\u00f1aingo Udala\",\"isPartOf\":{\"@id\":\"https:\/\/www.baranain.es\/eu\/#website\"},\"primaryImageOfPage\":{\"@id\":\"https:\/\/www.baranain.es\/eu\/udala\/argitalpenak\/#primaryimage\"},\"image\":{\"@id\":\"https:\/\/www.baranain.es\/eu\/udala\/argitalpenak\/#primaryimage\"},\"thumbnailUrl\":\"https:\/\/www.baranain.es\/wp-content\/uploads\/2023\/04\/Boletin-noticias-Baranain-MAR-2023-5-copia_1-1-212x300.jpg\",\"datePublished\":\"2013-06-20T12:17:35+00:00\",\"dateModified\":\"2023-04-03T07:10:17+00:00\",\"breadcrumb\":{\"@id\":\"https:\/\/www.baranain.es\/eu\/udala\/argitalpenak\/#breadcrumb\"},\"inLanguage\":\"eu-ES\",\"potentialAction\":[{\"@type\":\"ReadAction\",\"target\":[\"https:\/\/www.baranain.es\/eu\/udala\/argitalpenak\/\"]}]},{\"@type\":\"ImageObject\",\"inLanguage\":\"eu-ES\",\"@id\":\"https:\/\/www.baranain.es\/eu\/udala\/argitalpenak\/#primaryimage\",\"url\":\"https:\/\/www.baranain.es\/wp-content\/uploads\/2023\/04\/Boletin-noticias-Baranain-MAR-2023-5-copia_1-1.jpg\",\"contentUrl\":\"https:\/\/www.baranain.es\/wp-content\/uploads\/2023\/04\/Boletin-noticias-Baranain-MAR-2023-5-copia_1-1.jpg\",\"width\":1654,\"height\":2339},{\"@type\":\"BreadcrumbList\",\"@id\":\"https:\/\/www.baranain.es\/eu\/udala\/argitalpenak\/#breadcrumb\",\"itemListElement\":[{\"@type\":\"ListItem\",\"position\":1,\"name\":\"Home\",\"item\":\"https:\/\/www.baranain.es\/eu\/\"},{\"@type\":\"ListItem\",\"position\":2,\"name\":\"Udala\",\"item\":\"https:\/\/www.baranain.es\/eu\/udala\/\"},{\"@type\":\"ListItem\",\"position\":3,\"name\":\"Argitalpenak\"}]},{\"@type\":\"WebSite\",\"@id\":\"https:\/\/www.baranain.es\/eu\/#website\",\"url\":\"https:\/\/www.baranain.es\/eu\/\",\"name\":\"Ayuntamiento de Bara\u00f1ain\/Bara\u00f1aingo Udala\",\"description\":\"Ayuntamiento de Bara\u00f1ain\/Bara\u00f1aingo Udala\",\"potentialAction\":[{\"@type\":\"SearchAction\",\"target\":{\"@type\":\"EntryPoint\",\"urlTemplate\":\"https:\/\/www.baranain.es\/eu\/?s={search_term_string}\"},\"query-input\":\"required name=search_term_string\"}],\"inLanguage\":\"eu-ES\"}]}<\/script>\r\n<!-- \/ Yoast SEO plugin. -->","yoast_head_json":{"title":"Argitalpenak - Ayuntamiento de Bara\u00f1ain\/Bara\u00f1aingo Udala","robots":{"index":"index","follow":"follow","max-snippet":"max-snippet:-1","max-image-preview":"max-image-preview:large","max-video-preview":"max-video-preview:-1"},"canonical":"https:\/\/www.baranain.es\/eu\/udala\/argitalpenak\/","og_locale":"eu_ES","og_type":"article","og_title":"Argitalpenak - Ayuntamiento de Bara\u00f1ain\/Bara\u00f1aingo Udala","og_description":"Udal Informazio Aldizkaria Agenda Kulturala Vivir en Bara\u00f1ain Hemeroteka Argitalpena ireki &nbsp; Hemeroteka Argitalpena ireki Hemeroteka Argitalpena ireki Vivir en Bara\u00f1\u00e1in-en web gunea Plazaberri Ze Berri? &nbsp;","og_url":"https:\/\/www.baranain.es\/eu\/udala\/argitalpenak\/","og_site_name":"Ayuntamiento de Bara\u00f1ain\/Bara\u00f1aingo Udala","article_modified_time":"2023-04-03T07:10:17+00:00","og_image":[{"url":"https:\/\/www.baranain.es\/wp-content\/uploads\/2023\/04\/Boletin-noticias-Baranain-MAR-2023-5-copia_1-1-212x300.jpg"}],"twitter_card":"summary_large_image","twitter_misc":{"Est. reading time":"2 minutes"},"schema":{"@context":"https:\/\/schema.org","@graph":[{"@type":"WebPage","@id":"https:\/\/www.baranain.es\/eu\/udala\/argitalpenak\/","url":"https:\/\/www.baranain.es\/eu\/udala\/argitalpenak\/","name":"Argitalpenak - Ayuntamiento de Bara\u00f1ain\/Bara\u00f1aingo Udala","isPartOf":{"@id":"https:\/\/www.baranain.es\/eu\/#website"},"primaryImageOfPage":{"@id":"https:\/\/www.baranain.es\/eu\/udala\/argitalpenak\/#primaryimage"},"image":{"@id":"https:\/\/www.baranain.es\/eu\/udala\/argitalpenak\/#primaryimage"},"thumbnailUrl":"https:\/\/www.baranain.es\/wp-content\/uploads\/2023\/04\/Boletin-noticias-Baranain-MAR-2023-5-copia_1-1-212x300.jpg","datePublished":"2013-06-20T12:17:35+00:00","dateModified":"2023-04-03T07:10:17+00:00","breadcrumb":{"@id":"https:\/\/www.baranain.es\/eu\/udala\/argitalpenak\/#breadcrumb"},"inLanguage":"eu-ES","potentialAction":[{"@type":"ReadAction","target":["https:\/\/www.baranain.es\/eu\/udala\/argitalpenak\/"]}]},{"@type":"ImageObject","inLanguage":"eu-ES","@id":"https:\/\/www.baranain.es\/eu\/udala\/argitalpenak\/#primaryimage","url":"https:\/\/www.baranain.es\/wp-content\/uploads\/2023\/04\/Boletin-noticias-Baranain-MAR-2023-5-copia_1-1.jpg","contentUrl":"https:\/\/www.baranain.es\/wp-content\/uploads\/2023\/04\/Boletin-noticias-Baranain-MAR-2023-5-copia_1-1.jpg","width":1654,"height":2339},{"@type":"BreadcrumbList","@id":"https:\/\/www.baranain.es\/eu\/udala\/argitalpenak\/#breadcrumb","itemListElement":[{"@type":"ListItem","position":1,"name":"Home","item":"https:\/\/www.baranain.es\/eu\/"},{"@type":"ListItem","position":2,"name":"Udala","item":"https:\/\/www.baranain.es\/eu\/udala\/"},{"@type":"ListItem","position":3,"name":"Argitalpenak"}]},{"@type":"WebSite","@id":"https:\/\/www.baranain.es\/eu\/#website","url":"https:\/\/www.baranain.es\/eu\/","name":"Ayuntamiento de Bara\u00f1ain\/Bara\u00f1aingo Udala","description":"Ayuntamiento de Bara\u00f1ain\/Bara\u00f1aingo Udala","potentialAction":[{"@type":"SearchAction","target":{"@type":"EntryPoint","urlTemplate":"https:\/\/www.baranain.es\/eu\/?s={search_term_string}"},"query-input":"required name=search_term_string"}],"inLanguage":"eu-ES"}]}},"_links":{"self":[{"href":"https:\/\/www.baranain.es\/eu\/wp-json\/wp\/v2\/pages\/44660"}],"collection":[{"href":"https:\/\/www.baranain.es\/eu\/wp-json\/wp\/v2\/pages"}],"about":[{"href":"https:\/\/www.baranain.es\/eu\/wp-json\/wp\/v2\/types\/page"}],"author":[{"embeddable":true,"href":"https:\/\/www.baranain.es\/eu\/wp-json\/wp\/v2\/users\/1"}],"replies":[{"embeddable":true,"href":"https:\/\/www.baranain.es\/eu\/wp-json\/wp\/v2\/comments?post=44660"}],"version-history":[{"count":15,"href":"https:\/\/www.baranain.es\/eu\/wp-json\/wp\/v2\/pages\/44660\/revisions"}],"predecessor-version":[{"id":65445,"href":"https:\/\/www.baranain.es\/eu\/wp-json\/wp\/v2\/pages\/44660\/revisions\/65445"}],"up":[{"embeddable":true,"href":"https:\/\/www.baranain.es\/eu\/wp-json\/wp\/v2\/pages\/43540"}],"wp:attachment":[{"href":"https:\/\/www.baranain.es\/eu\/wp-json\/wp\/v2\/media?parent=44660"}],"curies":[{"name":"wp","href":"https:\/\/api.w.org\/{rel}","templated":true}]}}