{"id":43978,"date":"2013-04-10T12:39:32","date_gmt":"2013-04-10T10:39:32","guid":{"rendered":"http:\/\/localhost:8000\/armarria\/"},"modified":"2013-04-10T12:39:32","modified_gmt":"2013-04-10T10:39:32","slug":"armarria","status":"publish","type":"page","link":"https:\/\/www.baranain.es\/eu\/lekua-eta-jendea\/historia\/armarria\/","title":{"rendered":"Armarria"},"content":{"rendered":"<p><img decoding=\"async\" class=\"alignright\" src=\"http:\/\/localhost:8000\/wp-content\/uploads\/\/wp-content\/uploads\/2013\/04\/escudo_baranain.jpg\" alt=\"Escudo de Bara\u00f1\u00e1in\" \/>1973ko azaroaren 16an, garai hartako Bara\u00f1aingo Kontzejuaren Osoko Bilkuraren ohiko saioan, Juan Bautista Ag\u00f3s Olave jauna presidente zelarik, kontzejuarentzat armarri propioa egin zedin eskatzea onetsi zen, izan ere, ordurarte Gazolatz Udalekoa zen erabilitakoa.<\/p>\n<p>Aipatu bilkuran jaso zen aktak honakoa dio:\u00a0<em>&#8220;Kontzeju honek armarri ofizialik ez duenez, Presidente jaunak Hogeiko Batzordeari proposatzen dio, hala badagokio, Norberto Gonz\u00e1lez Bajo zinegotzi jaunari armarri baten diseinua egin dezan eskatzea. Diseinua egiteko, Bara\u00f1aingo historia edo izena bera hartu beharko du oinarri. Diseinua egina dagoenean, Foru Aldundi Txit Gorenaren aurrean aurkeztuko da, eta horrek baimena ematen badu, ofizialtzat hartuko da armarri hori&#8221;.<\/em><\/p>\n<p>Hartara, Norberto Gonz\u00e1lez diseinatzaile eta dekoratzaileak Bara\u00f1ain identifikatuko zuen irudia hautatu zuen, inongo konnotaziorik gabekoa. Pintzelek eta akuarelek lagundurik Nafarroako kateek inguraturiko armarria egin zuen, eta barrualdean garai hartako Bara\u00f1aingo lau plazei (Ezki plazari, Zumar plazari, Sahats plazari eta Gaztainondo plazari) izena ematen zieten arbolak margotu zituen. Apaingarri gisa, kasketa eta lambrequinak ipini zituen. Lambrequin horiek akanto hostoen itxurako apaindurak dira, kasketatik irten eta armarriaren bi aldeetara erortzen direnak.<\/p>\n","protected":false},"excerpt":{"rendered":"<p>1973ko azaroaren 16an, garai hartako Bara\u00f1aingo Kontzejuaren Osoko Bilkuraren ohiko saioan, Juan Bautista Ag\u00f3s Olave jauna presidente zelarik, kontzejuarentzat armarri propioa egin zedin eskatzea onetsi zen, izan ere, ordurarte Gazolatz Udalekoa zen erabilitakoa. Aipatu bilkuran jaso zen aktak honakoa dio:\u00a0&#8220;Kontzeju honek armarri ofizialik ez duenez, Presidente jaunak Hogeiko Batzordeari proposatzen dio, hala badagokio, Norberto Gonz\u00e1lez [&hellip;]<\/p>\n","protected":false},"author":88,"featured_media":0,"parent":49765,"menu_order":53,"comment_status":"closed","ping_status":"closed","template":"","meta":{"_exactmetrics_skip_tracking":false,"_exactmetrics_sitenote_active":false,"_exactmetrics_sitenote_note":"","_exactmetrics_sitenote_category":0,"footnotes":""},"yoast_head":"<!-- This site is optimized with the Yoast SEO plugin v22.3 - https:\/\/yoast.com\/wordpress\/plugins\/seo\/ -->\r\n<title>Armarria - Ayuntamiento de Bara\u00f1ain\/Bara\u00f1aingo Udala<\/title>\r\n<meta name=\"robots\" content=\"index, follow, max-snippet:-1, max-image-preview:large, max-video-preview:-1\" \/>\r\n<link rel=\"canonical\" href=\"https:\/\/www.baranain.es\/eu\/lekua-eta-jendea\/historia\/armarria\/\" \/>\r\n<meta property=\"og:locale\" content=\"eu_ES\" \/>\r\n<meta property=\"og:type\" content=\"article\" \/>\r\n<meta property=\"og:title\" content=\"Armarria - Ayuntamiento de Bara\u00f1ain\/Bara\u00f1aingo Udala\" \/>\r\n<meta property=\"og:description\" content=\"1973ko azaroaren 16an, garai hartako Bara\u00f1aingo Kontzejuaren Osoko Bilkuraren ohiko saioan, Juan Bautista Ag\u00f3s Olave jauna presidente zelarik, kontzejuarentzat armarri propioa egin zedin eskatzea onetsi zen, izan ere, ordurarte Gazolatz Udalekoa zen erabilitakoa. Aipatu bilkuran jaso zen aktak honakoa dio:\u00a0&#8220;Kontzeju honek armarri ofizialik ez duenez, Presidente jaunak Hogeiko Batzordeari proposatzen dio, hala badagokio, Norberto Gonz\u00e1lez [&hellip;]\" \/>\r\n<meta property=\"og:url\" content=\"https:\/\/www.baranain.es\/eu\/lekua-eta-jendea\/historia\/armarria\/\" \/>\r\n<meta property=\"og:site_name\" content=\"Ayuntamiento de Bara\u00f1ain\/Bara\u00f1aingo Udala\" \/>\r\n<meta property=\"og:image\" content=\"http:\/\/localhost:8000\/wp-content\/uploads\/\/wp-content\/uploads\/2013\/04\/escudo_baranain.jpg\" \/>\r\n<meta name=\"twitter:card\" content=\"summary_large_image\" \/>\r\n<meta name=\"twitter:label1\" content=\"Est. reading time\" \/>\n\t<meta name=\"twitter:data1\" content=\"1 minute\" \/>\r\n<script type=\"application\/ld+json\" class=\"yoast-schema-graph\">{\"@context\":\"https:\/\/schema.org\",\"@graph\":[{\"@type\":\"WebPage\",\"@id\":\"https:\/\/www.baranain.es\/eu\/lekua-eta-jendea\/historia\/armarria\/\",\"url\":\"https:\/\/www.baranain.es\/eu\/lekua-eta-jendea\/historia\/armarria\/\",\"name\":\"Armarria - Ayuntamiento de Bara\u00f1ain\/Bara\u00f1aingo Udala\",\"isPartOf\":{\"@id\":\"https:\/\/www.baranain.es\/eu\/#website\"},\"primaryImageOfPage\":{\"@id\":\"https:\/\/www.baranain.es\/eu\/lekua-eta-jendea\/historia\/armarria\/#primaryimage\"},\"image\":{\"@id\":\"https:\/\/www.baranain.es\/eu\/lekua-eta-jendea\/historia\/armarria\/#primaryimage\"},\"thumbnailUrl\":\"http:\/\/localhost:8000\/wp-content\/uploads\/\/wp-content\/uploads\/2013\/04\/escudo_baranain.jpg\",\"datePublished\":\"2013-04-10T10:39:32+00:00\",\"dateModified\":\"2013-04-10T10:39:32+00:00\",\"breadcrumb\":{\"@id\":\"https:\/\/www.baranain.es\/eu\/lekua-eta-jendea\/historia\/armarria\/#breadcrumb\"},\"inLanguage\":\"eu-ES\",\"potentialAction\":[{\"@type\":\"ReadAction\",\"target\":[\"https:\/\/www.baranain.es\/eu\/lekua-eta-jendea\/historia\/armarria\/\"]}]},{\"@type\":\"ImageObject\",\"inLanguage\":\"eu-ES\",\"@id\":\"https:\/\/www.baranain.es\/eu\/lekua-eta-jendea\/historia\/armarria\/#primaryimage\",\"url\":\"http:\/\/localhost:8000\/wp-content\/uploads\/\/wp-content\/uploads\/2013\/04\/escudo_baranain.jpg\",\"contentUrl\":\"http:\/\/localhost:8000\/wp-content\/uploads\/\/wp-content\/uploads\/2013\/04\/escudo_baranain.jpg\"},{\"@type\":\"BreadcrumbList\",\"@id\":\"https:\/\/www.baranain.es\/eu\/lekua-eta-jendea\/historia\/armarria\/#breadcrumb\",\"itemListElement\":[{\"@type\":\"ListItem\",\"position\":1,\"name\":\"Home\",\"item\":\"https:\/\/www.baranain.es\/eu\/\"},{\"@type\":\"ListItem\",\"position\":2,\"name\":\"Lekua eta Jendea\",\"item\":\"https:\/\/www.baranain.es\/eu\/lekua-eta-jendea\/\"},{\"@type\":\"ListItem\",\"position\":3,\"name\":\"Historia\",\"item\":\"https:\/\/www.baranain.es\/eu\/lekua-eta-jendea\/historia\/\"},{\"@type\":\"ListItem\",\"position\":4,\"name\":\"Armarria\"}]},{\"@type\":\"WebSite\",\"@id\":\"https:\/\/www.baranain.es\/eu\/#website\",\"url\":\"https:\/\/www.baranain.es\/eu\/\",\"name\":\"Ayuntamiento de Bara\u00f1ain\/Bara\u00f1aingo Udala\",\"description\":\"Ayuntamiento de Bara\u00f1ain\/Bara\u00f1aingo Udala\",\"potentialAction\":[{\"@type\":\"SearchAction\",\"target\":{\"@type\":\"EntryPoint\",\"urlTemplate\":\"https:\/\/www.baranain.es\/eu\/?s={search_term_string}\"},\"query-input\":\"required name=search_term_string\"}],\"inLanguage\":\"eu-ES\"}]}<\/script>\r\n<!-- \/ Yoast SEO plugin. -->","yoast_head_json":{"title":"Armarria - Ayuntamiento de Bara\u00f1ain\/Bara\u00f1aingo Udala","robots":{"index":"index","follow":"follow","max-snippet":"max-snippet:-1","max-image-preview":"max-image-preview:large","max-video-preview":"max-video-preview:-1"},"canonical":"https:\/\/www.baranain.es\/eu\/lekua-eta-jendea\/historia\/armarria\/","og_locale":"eu_ES","og_type":"article","og_title":"Armarria - Ayuntamiento de Bara\u00f1ain\/Bara\u00f1aingo Udala","og_description":"1973ko azaroaren 16an, garai hartako Bara\u00f1aingo Kontzejuaren Osoko Bilkuraren ohiko saioan, Juan Bautista Ag\u00f3s Olave jauna presidente zelarik, kontzejuarentzat armarri propioa egin zedin eskatzea onetsi zen, izan ere, ordurarte Gazolatz Udalekoa zen erabilitakoa. Aipatu bilkuran jaso zen aktak honakoa dio:\u00a0&#8220;Kontzeju honek armarri ofizialik ez duenez, Presidente jaunak Hogeiko Batzordeari proposatzen dio, hala badagokio, Norberto Gonz\u00e1lez [&hellip;]","og_url":"https:\/\/www.baranain.es\/eu\/lekua-eta-jendea\/historia\/armarria\/","og_site_name":"Ayuntamiento de Bara\u00f1ain\/Bara\u00f1aingo Udala","og_image":[{"url":"http:\/\/localhost:8000\/wp-content\/uploads\/\/wp-content\/uploads\/2013\/04\/escudo_baranain.jpg"}],"twitter_card":"summary_large_image","twitter_misc":{"Est. reading time":"1 minute"},"schema":{"@context":"https:\/\/schema.org","@graph":[{"@type":"WebPage","@id":"https:\/\/www.baranain.es\/eu\/lekua-eta-jendea\/historia\/armarria\/","url":"https:\/\/www.baranain.es\/eu\/lekua-eta-jendea\/historia\/armarria\/","name":"Armarria - Ayuntamiento de Bara\u00f1ain\/Bara\u00f1aingo Udala","isPartOf":{"@id":"https:\/\/www.baranain.es\/eu\/#website"},"primaryImageOfPage":{"@id":"https:\/\/www.baranain.es\/eu\/lekua-eta-jendea\/historia\/armarria\/#primaryimage"},"image":{"@id":"https:\/\/www.baranain.es\/eu\/lekua-eta-jendea\/historia\/armarria\/#primaryimage"},"thumbnailUrl":"http:\/\/localhost:8000\/wp-content\/uploads\/\/wp-content\/uploads\/2013\/04\/escudo_baranain.jpg","datePublished":"2013-04-10T10:39:32+00:00","dateModified":"2013-04-10T10:39:32+00:00","breadcrumb":{"@id":"https:\/\/www.baranain.es\/eu\/lekua-eta-jendea\/historia\/armarria\/#breadcrumb"},"inLanguage":"eu-ES","potentialAction":[{"@type":"ReadAction","target":["https:\/\/www.baranain.es\/eu\/lekua-eta-jendea\/historia\/armarria\/"]}]},{"@type":"ImageObject","inLanguage":"eu-ES","@id":"https:\/\/www.baranain.es\/eu\/lekua-eta-jendea\/historia\/armarria\/#primaryimage","url":"http:\/\/localhost:8000\/wp-content\/uploads\/\/wp-content\/uploads\/2013\/04\/escudo_baranain.jpg","contentUrl":"http:\/\/localhost:8000\/wp-content\/uploads\/\/wp-content\/uploads\/2013\/04\/escudo_baranain.jpg"},{"@type":"BreadcrumbList","@id":"https:\/\/www.baranain.es\/eu\/lekua-eta-jendea\/historia\/armarria\/#breadcrumb","itemListElement":[{"@type":"ListItem","position":1,"name":"Home","item":"https:\/\/www.baranain.es\/eu\/"},{"@type":"ListItem","position":2,"name":"Lekua eta Jendea","item":"https:\/\/www.baranain.es\/eu\/lekua-eta-jendea\/"},{"@type":"ListItem","position":3,"name":"Historia","item":"https:\/\/www.baranain.es\/eu\/lekua-eta-jendea\/historia\/"},{"@type":"ListItem","position":4,"name":"Armarria"}]},{"@type":"WebSite","@id":"https:\/\/www.baranain.es\/eu\/#website","url":"https:\/\/www.baranain.es\/eu\/","name":"Ayuntamiento de Bara\u00f1ain\/Bara\u00f1aingo Udala","description":"Ayuntamiento de Bara\u00f1ain\/Bara\u00f1aingo Udala","potentialAction":[{"@type":"SearchAction","target":{"@type":"EntryPoint","urlTemplate":"https:\/\/www.baranain.es\/eu\/?s={search_term_string}"},"query-input":"required name=search_term_string"}],"inLanguage":"eu-ES"}]}},"_links":{"self":[{"href":"https:\/\/www.baranain.es\/eu\/wp-json\/wp\/v2\/pages\/43978"}],"collection":[{"href":"https:\/\/www.baranain.es\/eu\/wp-json\/wp\/v2\/pages"}],"about":[{"href":"https:\/\/www.baranain.es\/eu\/wp-json\/wp\/v2\/types\/page"}],"author":[{"embeddable":true,"href":"https:\/\/www.baranain.es\/eu\/wp-json\/wp\/v2\/users\/88"}],"replies":[{"embeddable":true,"href":"https:\/\/www.baranain.es\/eu\/wp-json\/wp\/v2\/comments?post=43978"}],"version-history":[{"count":0,"href":"https:\/\/www.baranain.es\/eu\/wp-json\/wp\/v2\/pages\/43978\/revisions"}],"up":[{"embeddable":true,"href":"https:\/\/www.baranain.es\/eu\/wp-json\/wp\/v2\/pages\/49765"}],"wp:attachment":[{"href":"https:\/\/www.baranain.es\/eu\/wp-json\/wp\/v2\/media?parent=43978"}],"curies":[{"name":"wp","href":"https:\/\/api.w.org\/{rel}","templated":true}]}}