{"id":43973,"date":"2013-04-10T12:31:53","date_gmt":"2013-04-10T11:31:53","guid":{"rendered":"http:\/\/localhost:8000\/geografia\/"},"modified":"2013-04-10T12:31:53","modified_gmt":"2013-04-10T11:31:53","slug":"geografia","status":"publish","type":"page","link":"https:\/\/www.baranain.es\/eu\/lekua-eta-jendea\/geografia\/","title":{"rendered":"Geografia"},"content":{"rendered":"<p><img loading=\"lazy\" decoding=\"async\" src=\"\/wp-content\/uploads\/2013\/04\/Vistas_de_Baranain.jpg\" alt=\"Bara\u00f1aingo bistak\" width=\"651\" height=\"125\" \/><\/p>\n<p><a title=\"Bara\u00f1aingo kale-izendegia\" href=\"http:\/\/www.baranain.es\/wp-content\/uploads\/2013\/04\/Callejero-Oficial-Kale-Izendegia.pdf\" target=\"_blank\" rel=\"noopener noreferrer\">Bara\u00f1aingo kale-izendegia<\/a><br \/>\n<a href=\"http:\/\/www.baranain.es\/wp-content\/uploads\/2018\/01\/2018-Plano-Baranain.pdf\">Bara\u00f1aingo planoa<\/a><\/p>\n<p>Bara\u00f1ain 130 hektarea (1,31 Km\u00b2) dituen udalerria da, eta Nafarroako hiriburuko erdialdetik 3 kilometrotara kokatuta dago. Udaleko lur gehienak Elortz eta Arga ibaien artean dagoen lautada garai batean daude.<\/p>\n<p>Geografiari dagokionez, Iru\u00f1ako erdigunearen kokaleku den Arga ibaiaren gaineko ibai-terraza berean dago Bara\u00f1ain. Irunlarreako istmoak, Bara\u00f1aingo sarreraren eta saihesbidearen artean dagoenak, lotzen ditu bi udalerriak. Gaur urbanizatuta dago istmoa, baina 90eko hamarkadaren hasiera arte, Bara\u00f1ainera iristeko modu bakarra zen bide estu hori. Egun, beste sarbide artifizial bat dago, Miluzerako bidean behera dagoen sakanarekiko zuzen-zuzen doana.<\/p>\n<p>Geomorfologiari dagokionez, margak (Eozeno Ertain eta Goikoak zein Oligozenoko hasierakoak) dira nagusi lurralde osoan, nahiz eta Kuaternarioko terraza-metaketek eta glazis txikiek estali zonalde batzuk.<\/p>\n<p>Ondoko mugak ditu: iparraldean Arga ibaia, erripa margadunek egiten duten bat-bateko labarraren azpian dagoena; ipar-mendebaldean, Miluzerako bidean behera doan sakana; hego-mendebaldean, Elortz ibaiaren sakonunearen hasiera. Bara\u00f1ainek, beste aldetik, Aratzurirekin (Oltzako zendea), Iru\u00f1eko auzoak diren Ermitaga\u00f1a, Irunlarrea eta Etxabakoitzekin, eta Zizur Nagusiarekin (Zizurko zendea) egiten du muga administratiboa.<\/p>\n<p>Klima eta jatorrizko landaredia (haritzek eta arteek osaturiko baso eremua, nekez aurki daitekeena egun) trantsiziokoa da, Atlantikoaren eta Mediterraneoaren artekoa. Klima, hain zuzen ere, submediterraneoa da, plubiometriari dagokionez urtean 800 litro biltzen dituena metro karratuko, eta, tenperaturari dagokionez 12&#8217;5\u00baC (11&#8217;1\u00baC udaberrian; 19&#8217;5\u00baC udan; 12&#8217;8\u00baC udazkenean eta 4&#8217;4\u00baC neguan) lortzen dituena batezbeste urtean.<\/p>\n<p>Sakan baten gain-gainean kokaturik, gogoz astintzen dute haizeek, batez ere ipar-mendebaldetik datozen horiek. Itsasmaila 400 (Arga ibaia) eta 441 (Sahats ikastetxea) metro bitartekoa da, eta erliebea nahiko laua da, Arga ibaiaren labarrak eta sakonunea izan ezik.<\/p>\n<p>Hiru zonalde bereiz daitezke Bara\u00f1ainen. Lehena 60ko hamarkadaren bukaeran hasitako eraikuntza-faseari dagokio; ia erabat bukatuta dago eta bertako jendea errotuta dago hirian, baita ekonomikoki ere.<\/p>\n<p>Ipar Plazako hiribideak muga egiten du bigarren zonaldearekin. 80ko hamarraldian abian jarri zenez, jende gaztexeagoa bizi da bertan.<\/p>\n<p>Gaztainondo eta Lurgorri plazek egiten dute muga hirugarren zonaldearekin. Zonalde horri &#8220;Plan Partziala&#8221; esaten zaio, eta 1.500 etxebizitza berri (horietako batzuk txaletak dira) ekarri zituen. Horretaz gain, hainbat hornikuntza berri (Kultur Gunea) eta parke handi bat ere daude bertan, Lakuko parkea hain zuzen.<\/p>\n<p>Bara\u00f1aingo kaleak honelaxe eratu dira: hainbat etorbide handi, bata erdian (Erdiko hiribidea) eta gainerakoak periferikoak edo ingurukoak, bigarren mailako sare batek lotuta daudenak.<\/p>\n<p>Egitura urbanistikoa bloke solteetan oinarritzen da, eta, ondorioz, ezin dira ohiko kaleak jarri. Fatxada-lerroak behar bezain definituta egon gabe, zail-zaila izan zen atari eta erakusleihoak bilduko zituzten oinezkoentzako ibilbideak sortzea.<\/p>\n<p>Udaletxea eta udaletxeko plaza eraikitzeak zuzendu du goian aipaturikoa, eta bai Udaletxea eta bai udaletxeko plaza hiriko biztanleen nukleo edo erdigune bihurtu dira pixkanaka, fisiko zein sinbolikoki. Lehen, Osasun Etxeak, Jubilatuen Elkarteak eta Udaletxe zaharrak osatzen zuten erdigunea, baina ez zeuden zentroan Merkatal etorbideak osatzen duen hiriko plano orokorra kontuan hartzen bada. Lehengo beste erdigunea ere, partaidetza handiena duena, hau da, Lagunak Udal Zerbitzua, hiriaren inguruan geratzen da egun.<\/p>\n","protected":false},"excerpt":{"rendered":"<p>Bara\u00f1aingo kale-izendegia Bara\u00f1aingo planoa Bara\u00f1ain 130 hektarea (1,31 Km\u00b2) dituen udalerria da, eta Nafarroako hiriburuko erdialdetik 3 kilometrotara kokatuta dago. Udaleko lur gehienak Elortz eta Arga ibaien artean dagoen lautada garai batean daude. Geografiari dagokionez, Iru\u00f1ako erdigunearen kokaleku den Arga ibaiaren gaineko ibai-terraza berean dago Bara\u00f1ain. Irunlarreako istmoak, Bara\u00f1aingo sarreraren eta saihesbidearen artean dagoenak, lotzen [&hellip;]<\/p>\n","protected":false},"author":19020,"featured_media":0,"parent":43967,"menu_order":60,"comment_status":"closed","ping_status":"closed","template":"","meta":{"_exactmetrics_skip_tracking":false,"_exactmetrics_sitenote_active":false,"_exactmetrics_sitenote_note":"","_exactmetrics_sitenote_category":0,"footnotes":""},"yoast_head":"<!-- This site is optimized with the Yoast SEO plugin v22.3 - https:\/\/yoast.com\/wordpress\/plugins\/seo\/ -->\r\n<title>Geografia - Ayuntamiento de Bara\u00f1ain\/Bara\u00f1aingo Udala<\/title>\r\n<meta name=\"robots\" content=\"index, follow, max-snippet:-1, max-image-preview:large, max-video-preview:-1\" \/>\r\n<link rel=\"canonical\" href=\"https:\/\/www.baranain.es\/eu\/lekua-eta-jendea\/geografia\/\" \/>\r\n<meta property=\"og:locale\" content=\"eu_ES\" \/>\r\n<meta property=\"og:type\" content=\"article\" \/>\r\n<meta property=\"og:title\" content=\"Geografia - Ayuntamiento de Bara\u00f1ain\/Bara\u00f1aingo Udala\" \/>\r\n<meta property=\"og:description\" content=\"Bara\u00f1aingo kale-izendegia Bara\u00f1aingo planoa Bara\u00f1ain 130 hektarea (1,31 Km\u00b2) dituen udalerria da, eta Nafarroako hiriburuko erdialdetik 3 kilometrotara kokatuta dago. Udaleko lur gehienak Elortz eta Arga ibaien artean dagoen lautada garai batean daude. Geografiari dagokionez, Iru\u00f1ako erdigunearen kokaleku den Arga ibaiaren gaineko ibai-terraza berean dago Bara\u00f1ain. Irunlarreako istmoak, Bara\u00f1aingo sarreraren eta saihesbidearen artean dagoenak, lotzen [&hellip;]\" \/>\r\n<meta property=\"og:url\" content=\"https:\/\/www.baranain.es\/eu\/lekua-eta-jendea\/geografia\/\" \/>\r\n<meta property=\"og:site_name\" content=\"Ayuntamiento de Bara\u00f1ain\/Bara\u00f1aingo Udala\" \/>\r\n<meta property=\"og:image\" content=\"https:\/\/www.baranain.es\/wp-content\/uploads\/2013\/04\/Vistas_de_Baranain.jpg\" \/>\r\n<meta name=\"twitter:card\" content=\"summary_large_image\" \/>\r\n<meta name=\"twitter:label1\" content=\"Est. reading time\" \/>\n\t<meta name=\"twitter:data1\" content=\"2 minutes\" \/>\r\n<script type=\"application\/ld+json\" class=\"yoast-schema-graph\">{\"@context\":\"https:\/\/schema.org\",\"@graph\":[{\"@type\":\"WebPage\",\"@id\":\"https:\/\/www.baranain.es\/eu\/lekua-eta-jendea\/geografia\/\",\"url\":\"https:\/\/www.baranain.es\/eu\/lekua-eta-jendea\/geografia\/\",\"name\":\"Geografia - Ayuntamiento de Bara\u00f1ain\/Bara\u00f1aingo Udala\",\"isPartOf\":{\"@id\":\"https:\/\/www.baranain.es\/eu\/#website\"},\"datePublished\":\"2013-04-10T11:31:53+00:00\",\"dateModified\":\"2013-04-10T11:31:53+00:00\",\"breadcrumb\":{\"@id\":\"https:\/\/www.baranain.es\/eu\/lekua-eta-jendea\/geografia\/#breadcrumb\"},\"inLanguage\":\"eu-ES\",\"potentialAction\":[{\"@type\":\"ReadAction\",\"target\":[\"https:\/\/www.baranain.es\/eu\/lekua-eta-jendea\/geografia\/\"]}]},{\"@type\":\"BreadcrumbList\",\"@id\":\"https:\/\/www.baranain.es\/eu\/lekua-eta-jendea\/geografia\/#breadcrumb\",\"itemListElement\":[{\"@type\":\"ListItem\",\"position\":1,\"name\":\"Home\",\"item\":\"https:\/\/www.baranain.es\/eu\/\"},{\"@type\":\"ListItem\",\"position\":2,\"name\":\"Lekua eta Jendea\",\"item\":\"https:\/\/www.baranain.es\/eu\/lekua-eta-jendea\/\"},{\"@type\":\"ListItem\",\"position\":3,\"name\":\"Geografia\"}]},{\"@type\":\"WebSite\",\"@id\":\"https:\/\/www.baranain.es\/eu\/#website\",\"url\":\"https:\/\/www.baranain.es\/eu\/\",\"name\":\"Ayuntamiento de Bara\u00f1ain\/Bara\u00f1aingo Udala\",\"description\":\"Ayuntamiento de Bara\u00f1ain\/Bara\u00f1aingo Udala\",\"potentialAction\":[{\"@type\":\"SearchAction\",\"target\":{\"@type\":\"EntryPoint\",\"urlTemplate\":\"https:\/\/www.baranain.es\/eu\/?s={search_term_string}\"},\"query-input\":\"required name=search_term_string\"}],\"inLanguage\":\"eu-ES\"}]}<\/script>\r\n<!-- \/ Yoast SEO plugin. -->","yoast_head_json":{"title":"Geografia - Ayuntamiento de Bara\u00f1ain\/Bara\u00f1aingo Udala","robots":{"index":"index","follow":"follow","max-snippet":"max-snippet:-1","max-image-preview":"max-image-preview:large","max-video-preview":"max-video-preview:-1"},"canonical":"https:\/\/www.baranain.es\/eu\/lekua-eta-jendea\/geografia\/","og_locale":"eu_ES","og_type":"article","og_title":"Geografia - Ayuntamiento de Bara\u00f1ain\/Bara\u00f1aingo Udala","og_description":"Bara\u00f1aingo kale-izendegia Bara\u00f1aingo planoa Bara\u00f1ain 130 hektarea (1,31 Km\u00b2) dituen udalerria da, eta Nafarroako hiriburuko erdialdetik 3 kilometrotara kokatuta dago. Udaleko lur gehienak Elortz eta Arga ibaien artean dagoen lautada garai batean daude. Geografiari dagokionez, Iru\u00f1ako erdigunearen kokaleku den Arga ibaiaren gaineko ibai-terraza berean dago Bara\u00f1ain. Irunlarreako istmoak, Bara\u00f1aingo sarreraren eta saihesbidearen artean dagoenak, lotzen [&hellip;]","og_url":"https:\/\/www.baranain.es\/eu\/lekua-eta-jendea\/geografia\/","og_site_name":"Ayuntamiento de Bara\u00f1ain\/Bara\u00f1aingo Udala","og_image":[{"url":"https:\/\/www.baranain.es\/wp-content\/uploads\/2013\/04\/Vistas_de_Baranain.jpg"}],"twitter_card":"summary_large_image","twitter_misc":{"Est. reading time":"2 minutes"},"schema":{"@context":"https:\/\/schema.org","@graph":[{"@type":"WebPage","@id":"https:\/\/www.baranain.es\/eu\/lekua-eta-jendea\/geografia\/","url":"https:\/\/www.baranain.es\/eu\/lekua-eta-jendea\/geografia\/","name":"Geografia - Ayuntamiento de Bara\u00f1ain\/Bara\u00f1aingo Udala","isPartOf":{"@id":"https:\/\/www.baranain.es\/eu\/#website"},"datePublished":"2013-04-10T11:31:53+00:00","dateModified":"2013-04-10T11:31:53+00:00","breadcrumb":{"@id":"https:\/\/www.baranain.es\/eu\/lekua-eta-jendea\/geografia\/#breadcrumb"},"inLanguage":"eu-ES","potentialAction":[{"@type":"ReadAction","target":["https:\/\/www.baranain.es\/eu\/lekua-eta-jendea\/geografia\/"]}]},{"@type":"BreadcrumbList","@id":"https:\/\/www.baranain.es\/eu\/lekua-eta-jendea\/geografia\/#breadcrumb","itemListElement":[{"@type":"ListItem","position":1,"name":"Home","item":"https:\/\/www.baranain.es\/eu\/"},{"@type":"ListItem","position":2,"name":"Lekua eta Jendea","item":"https:\/\/www.baranain.es\/eu\/lekua-eta-jendea\/"},{"@type":"ListItem","position":3,"name":"Geografia"}]},{"@type":"WebSite","@id":"https:\/\/www.baranain.es\/eu\/#website","url":"https:\/\/www.baranain.es\/eu\/","name":"Ayuntamiento de Bara\u00f1ain\/Bara\u00f1aingo Udala","description":"Ayuntamiento de Bara\u00f1ain\/Bara\u00f1aingo Udala","potentialAction":[{"@type":"SearchAction","target":{"@type":"EntryPoint","urlTemplate":"https:\/\/www.baranain.es\/eu\/?s={search_term_string}"},"query-input":"required name=search_term_string"}],"inLanguage":"eu-ES"}]}},"_links":{"self":[{"href":"https:\/\/www.baranain.es\/eu\/wp-json\/wp\/v2\/pages\/43973"}],"collection":[{"href":"https:\/\/www.baranain.es\/eu\/wp-json\/wp\/v2\/pages"}],"about":[{"href":"https:\/\/www.baranain.es\/eu\/wp-json\/wp\/v2\/types\/page"}],"author":[{"embeddable":true,"href":"https:\/\/www.baranain.es\/eu\/wp-json\/wp\/v2\/users\/19020"}],"replies":[{"embeddable":true,"href":"https:\/\/www.baranain.es\/eu\/wp-json\/wp\/v2\/comments?post=43973"}],"version-history":[{"count":0,"href":"https:\/\/www.baranain.es\/eu\/wp-json\/wp\/v2\/pages\/43973\/revisions"}],"up":[{"embeddable":true,"href":"https:\/\/www.baranain.es\/eu\/wp-json\/wp\/v2\/pages\/43967"}],"wp:attachment":[{"href":"https:\/\/www.baranain.es\/eu\/wp-json\/wp\/v2\/media?parent=43973"}],"curies":[{"name":"wp","href":"https:\/\/api.w.org\/{rel}","templated":true}]}}