{"id":43546,"date":"2013-04-09T14:22:55","date_gmt":"2013-04-09T12:22:55","guid":{"rendered":"http:\/\/localhost:8000\/udal-batzordeak\/"},"modified":"2023-07-27T11:51:32","modified_gmt":"2023-07-27T10:51:32","slug":"udal-batzordeak","status":"publish","type":"page","link":"https:\/\/www.baranain.es\/eu\/udala\/udal-antolaketa\/udal-batzordeak\/","title":{"rendered":"Udal Batzordeak"},"content":{"rendered":"<h4>INFORMAZIO-BATZORDEAK<\/h4>\n<p><strong><img loading=\"lazy\" decoding=\"async\" src=\"\/wp-content\/uploads\/2013\/04\/Sala_de_Comisiones.jpg\" alt=\"Batzordeen gela\" width=\"666\" height=\"200\" \/><\/strong><\/p>\n<p><strong>Partaideak:<\/strong><\/p>\n<p>Batzorde guztietan daude alderdikide hauek: UPN taldeko 4, EH BILDU taldeko 3,\u00a0 PSN-PSOE taldeko 3,\u00a0 \u00a0CONTIGO ZUREKIN taldeko 1, GEROA BAI taldeko\u00a0 1 \u00a0eta \u00a0PP taldeko 1.<\/p>\n<table style=\"height: 384px\" width=\"901\">\n<tbody>\n<tr style=\"height: 48px\">\n<td style=\"height: 48px;width: 519px\" width=\"554\"><strong>INFORMAZIO-BATZORDEAK<\/strong><\/td>\n<td style=\"height: 48px;width: 288px\" width=\"158\"><strong>Ohiko saioen ALDIZKAKOTASUNA<\/strong><\/td>\n<td style=\"height: 48px;width: 207px\" width=\"189\"><strong>BATZORDEBURUA<\/strong><\/td>\n<\/tr>\n<tr style=\"height: 48px\">\n<td style=\"height: 48px;width: 519px\"><strong>ZERBITZU OROKORRAK, IKT, MERKATARITZA eta ENPLEGURAKO INFORMAZIO- BATZORDEA<\/strong><\/td>\n<td style=\"height: 48px;width: 288px\">Hilean behin<\/td>\n<td style=\"height: 48px;width: 207px\">Jos\u00e9 Luis Ruiz Mart\u00ednez<\/td>\n<\/tr>\n<tr style=\"height: 24px\">\n<td style=\"height: 24px;width: 519px\"><strong>HERRITARREN BABESERAKO INFORMAZIO-BATZORDEA<\/strong><\/td>\n<td style=\"height: 24px;width: 288px\">Hilean behin<\/td>\n<td style=\"height: 24px;width: 207px\">Mar\u00eda Lecumberri Bonilla<\/td>\n<\/tr>\n<tr style=\"height: 48px\">\n<td style=\"height: 48px;width: 519px\"><strong>OGASUNA, LANGILERIA eta KONTUEN BATZORDE BEREZIRAKO INFORMAZIO-BATZORDEA<\/strong><\/td>\n<td style=\"height: 48px;width: 288px\">Hamabostean behin\/ 2 astetik behin<\/td>\n<td style=\"height: 48px;width: 207px\">Mar\u00eda Lecumberri Bonilla<\/td>\n<\/tr>\n<tr style=\"height: 48px\">\n<td style=\"height: 48px;width: 519px\"><strong>HEZKUNTZA, KIROLA eta GAZTERIAREN INFORMAZIO-BATZORDEA<\/strong><\/td>\n<td style=\"height: 48px;width: 288px\">Hilean behin<\/td>\n<td style=\"height: 48px;width: 207px\">Javier And\u00fajar Alcolea<\/td>\n<\/tr>\n<tr style=\"height: 48px\">\n<td style=\"height: 48px;width: 519px\"><strong>GIZARTE ZERBITZUETAKO INFORMAZIO-BATZORDEA<\/strong><\/td>\n<td style=\"height: 48px;width: 288px\">Hilean behin<\/td>\n<td style=\"height: 48px;width: 207px\">Bego\u00f1a Aceituno Zunzarren<\/td>\n<\/tr>\n<tr style=\"height: 48px\">\n<td style=\"height: 48px;width: 519px\"><strong>HIRIGINTZAKO INFORMAZIO-BATZORDEA<\/strong><\/td>\n<td style=\"height: 48px;width: 288px\">Hamabostean behin\/ 2 astetik behin<\/td>\n<td style=\"height: 48px;width: 207px\">F\u00e1tima Sesma Vall\u00e9s<\/td>\n<\/tr>\n<tr style=\"height: 48px\">\n<td style=\"height: 48px;width: 519px\"><strong>BERDINTASUNA, ANIZTASUNA ETA KULTURARTEKO KOMUNIKAZIOAREN INFORMAZIO-BATZORDEA<\/strong><\/td>\n<td style=\"height: 48px;width: 288px\">Hilean behin<\/td>\n<td style=\"height: 48px;width: 207px\">Mar\u00eda Lecumberri Bonilla<\/td>\n<\/tr>\n<tr style=\"height: 24px\">\n<td style=\"height: 24px;width: 519px\"><strong>KULTURA, EUSKARA ETA ADITORIOA INFORMAZIO-BATZORDEA<\/strong><\/td>\n<td style=\"height: 24px;width: 288px\">Hamabostean behin \/ 2 astetik behin<\/td>\n<td style=\"height: 24px;width: 207px\">Pablo Arcelus Cavallero<\/td>\n<\/tr>\n<\/tbody>\n<\/table>\n<p>&nbsp;<\/p>\n","protected":false},"excerpt":{"rendered":"<p>INFORMAZIO-BATZORDEAK Partaideak: Batzorde guztietan daude alderdikide hauek: UPN taldeko 4, EH BILDU taldeko 3,\u00a0 PSN-PSOE taldeko 3,\u00a0 \u00a0CONTIGO ZUREKIN taldeko 1, GEROA BAI taldeko\u00a0 1 \u00a0eta \u00a0PP taldeko 1. INFORMAZIO-BATZORDEAK Ohiko saioen ALDIZKAKOTASUNA BATZORDEBURUA ZERBITZU OROKORRAK, IKT, MERKATARITZA eta ENPLEGURAKO INFORMAZIO- BATZORDEA Hilean behin Jos\u00e9 Luis Ruiz Mart\u00ednez HERRITARREN BABESERAKO INFORMAZIO-BATZORDEA Hilean behin Mar\u00eda Lecumberri [&hellip;]<\/p>\n","protected":false},"author":19135,"featured_media":0,"parent":43542,"menu_order":60,"comment_status":"closed","ping_status":"closed","template":"","meta":{"_exactmetrics_skip_tracking":false,"_exactmetrics_sitenote_active":false,"_exactmetrics_sitenote_note":"","_exactmetrics_sitenote_category":0,"footnotes":""},"yoast_head":"<!-- This site is optimized with the Yoast SEO plugin v22.3 - https:\/\/yoast.com\/wordpress\/plugins\/seo\/ -->\r\n<title>Udal Batzordeak - Ayuntamiento de Bara\u00f1ain\/Bara\u00f1aingo Udala<\/title>\r\n<meta name=\"robots\" content=\"index, follow, max-snippet:-1, max-image-preview:large, max-video-preview:-1\" \/>\r\n<link rel=\"canonical\" href=\"https:\/\/www.baranain.es\/eu\/udala\/udal-antolaketa\/udal-batzordeak\/\" \/>\r\n<meta property=\"og:locale\" content=\"eu_ES\" \/>\r\n<meta property=\"og:type\" content=\"article\" \/>\r\n<meta property=\"og:title\" content=\"Udal Batzordeak - Ayuntamiento de Bara\u00f1ain\/Bara\u00f1aingo Udala\" \/>\r\n<meta property=\"og:description\" content=\"INFORMAZIO-BATZORDEAK Partaideak: Batzorde guztietan daude alderdikide hauek: UPN taldeko 4, EH BILDU taldeko 3,\u00a0 PSN-PSOE taldeko 3,\u00a0 \u00a0CONTIGO ZUREKIN taldeko 1, GEROA BAI taldeko\u00a0 1 \u00a0eta \u00a0PP taldeko 1. INFORMAZIO-BATZORDEAK Ohiko saioen ALDIZKAKOTASUNA BATZORDEBURUA ZERBITZU OROKORRAK, IKT, MERKATARITZA eta ENPLEGURAKO INFORMAZIO- BATZORDEA Hilean behin Jos\u00e9 Luis Ruiz Mart\u00ednez HERRITARREN BABESERAKO INFORMAZIO-BATZORDEA Hilean behin Mar\u00eda Lecumberri [&hellip;]\" \/>\r\n<meta property=\"og:url\" content=\"https:\/\/www.baranain.es\/eu\/udala\/udal-antolaketa\/udal-batzordeak\/\" \/>\r\n<meta property=\"og:site_name\" content=\"Ayuntamiento de Bara\u00f1ain\/Bara\u00f1aingo Udala\" \/>\r\n<meta property=\"article:modified_time\" content=\"2023-07-27T10:51:32+00:00\" \/>\r\n<meta name=\"twitter:card\" content=\"summary_large_image\" \/>\r\n<meta name=\"twitter:label1\" content=\"Est. reading time\" \/>\n\t<meta name=\"twitter:data1\" content=\"1 minute\" \/>\r\n<script type=\"application\/ld+json\" class=\"yoast-schema-graph\">{\"@context\":\"https:\/\/schema.org\",\"@graph\":[{\"@type\":\"WebPage\",\"@id\":\"https:\/\/www.baranain.es\/eu\/udala\/udal-antolaketa\/udal-batzordeak\/\",\"url\":\"https:\/\/www.baranain.es\/eu\/udala\/udal-antolaketa\/udal-batzordeak\/\",\"name\":\"Udal Batzordeak - Ayuntamiento de Bara\u00f1ain\/Bara\u00f1aingo Udala\",\"isPartOf\":{\"@id\":\"https:\/\/www.baranain.es\/eu\/#website\"},\"datePublished\":\"2013-04-09T12:22:55+00:00\",\"dateModified\":\"2023-07-27T10:51:32+00:00\",\"breadcrumb\":{\"@id\":\"https:\/\/www.baranain.es\/eu\/udala\/udal-antolaketa\/udal-batzordeak\/#breadcrumb\"},\"inLanguage\":\"eu-ES\",\"potentialAction\":[{\"@type\":\"ReadAction\",\"target\":[\"https:\/\/www.baranain.es\/eu\/udala\/udal-antolaketa\/udal-batzordeak\/\"]}]},{\"@type\":\"BreadcrumbList\",\"@id\":\"https:\/\/www.baranain.es\/eu\/udala\/udal-antolaketa\/udal-batzordeak\/#breadcrumb\",\"itemListElement\":[{\"@type\":\"ListItem\",\"position\":1,\"name\":\"Home\",\"item\":\"https:\/\/www.baranain.es\/eu\/\"},{\"@type\":\"ListItem\",\"position\":2,\"name\":\"Udala\",\"item\":\"https:\/\/www.baranain.es\/eu\/udala\/\"},{\"@type\":\"ListItem\",\"position\":3,\"name\":\"Udal Antolaketa\",\"item\":\"https:\/\/www.baranain.es\/eu\/udala\/udal-antolaketa\/\"},{\"@type\":\"ListItem\",\"position\":4,\"name\":\"Udal Batzordeak\"}]},{\"@type\":\"WebSite\",\"@id\":\"https:\/\/www.baranain.es\/eu\/#website\",\"url\":\"https:\/\/www.baranain.es\/eu\/\",\"name\":\"Ayuntamiento de Bara\u00f1ain\/Bara\u00f1aingo Udala\",\"description\":\"Ayuntamiento de Bara\u00f1ain\/Bara\u00f1aingo Udala\",\"potentialAction\":[{\"@type\":\"SearchAction\",\"target\":{\"@type\":\"EntryPoint\",\"urlTemplate\":\"https:\/\/www.baranain.es\/eu\/?s={search_term_string}\"},\"query-input\":\"required name=search_term_string\"}],\"inLanguage\":\"eu-ES\"}]}<\/script>\r\n<!-- \/ Yoast SEO plugin. -->","yoast_head_json":{"title":"Udal Batzordeak - Ayuntamiento de Bara\u00f1ain\/Bara\u00f1aingo Udala","robots":{"index":"index","follow":"follow","max-snippet":"max-snippet:-1","max-image-preview":"max-image-preview:large","max-video-preview":"max-video-preview:-1"},"canonical":"https:\/\/www.baranain.es\/eu\/udala\/udal-antolaketa\/udal-batzordeak\/","og_locale":"eu_ES","og_type":"article","og_title":"Udal Batzordeak - Ayuntamiento de Bara\u00f1ain\/Bara\u00f1aingo Udala","og_description":"INFORMAZIO-BATZORDEAK Partaideak: Batzorde guztietan daude alderdikide hauek: UPN taldeko 4, EH BILDU taldeko 3,\u00a0 PSN-PSOE taldeko 3,\u00a0 \u00a0CONTIGO ZUREKIN taldeko 1, GEROA BAI taldeko\u00a0 1 \u00a0eta \u00a0PP taldeko 1. INFORMAZIO-BATZORDEAK Ohiko saioen ALDIZKAKOTASUNA BATZORDEBURUA ZERBITZU OROKORRAK, IKT, MERKATARITZA eta ENPLEGURAKO INFORMAZIO- BATZORDEA Hilean behin Jos\u00e9 Luis Ruiz Mart\u00ednez HERRITARREN BABESERAKO INFORMAZIO-BATZORDEA Hilean behin Mar\u00eda Lecumberri [&hellip;]","og_url":"https:\/\/www.baranain.es\/eu\/udala\/udal-antolaketa\/udal-batzordeak\/","og_site_name":"Ayuntamiento de Bara\u00f1ain\/Bara\u00f1aingo Udala","article_modified_time":"2023-07-27T10:51:32+00:00","twitter_card":"summary_large_image","twitter_misc":{"Est. reading time":"1 minute"},"schema":{"@context":"https:\/\/schema.org","@graph":[{"@type":"WebPage","@id":"https:\/\/www.baranain.es\/eu\/udala\/udal-antolaketa\/udal-batzordeak\/","url":"https:\/\/www.baranain.es\/eu\/udala\/udal-antolaketa\/udal-batzordeak\/","name":"Udal Batzordeak - Ayuntamiento de Bara\u00f1ain\/Bara\u00f1aingo Udala","isPartOf":{"@id":"https:\/\/www.baranain.es\/eu\/#website"},"datePublished":"2013-04-09T12:22:55+00:00","dateModified":"2023-07-27T10:51:32+00:00","breadcrumb":{"@id":"https:\/\/www.baranain.es\/eu\/udala\/udal-antolaketa\/udal-batzordeak\/#breadcrumb"},"inLanguage":"eu-ES","potentialAction":[{"@type":"ReadAction","target":["https:\/\/www.baranain.es\/eu\/udala\/udal-antolaketa\/udal-batzordeak\/"]}]},{"@type":"BreadcrumbList","@id":"https:\/\/www.baranain.es\/eu\/udala\/udal-antolaketa\/udal-batzordeak\/#breadcrumb","itemListElement":[{"@type":"ListItem","position":1,"name":"Home","item":"https:\/\/www.baranain.es\/eu\/"},{"@type":"ListItem","position":2,"name":"Udala","item":"https:\/\/www.baranain.es\/eu\/udala\/"},{"@type":"ListItem","position":3,"name":"Udal Antolaketa","item":"https:\/\/www.baranain.es\/eu\/udala\/udal-antolaketa\/"},{"@type":"ListItem","position":4,"name":"Udal Batzordeak"}]},{"@type":"WebSite","@id":"https:\/\/www.baranain.es\/eu\/#website","url":"https:\/\/www.baranain.es\/eu\/","name":"Ayuntamiento de Bara\u00f1ain\/Bara\u00f1aingo Udala","description":"Ayuntamiento de Bara\u00f1ain\/Bara\u00f1aingo Udala","potentialAction":[{"@type":"SearchAction","target":{"@type":"EntryPoint","urlTemplate":"https:\/\/www.baranain.es\/eu\/?s={search_term_string}"},"query-input":"required name=search_term_string"}],"inLanguage":"eu-ES"}]}},"_links":{"self":[{"href":"https:\/\/www.baranain.es\/eu\/wp-json\/wp\/v2\/pages\/43546"}],"collection":[{"href":"https:\/\/www.baranain.es\/eu\/wp-json\/wp\/v2\/pages"}],"about":[{"href":"https:\/\/www.baranain.es\/eu\/wp-json\/wp\/v2\/types\/page"}],"author":[{"embeddable":true,"href":"https:\/\/www.baranain.es\/eu\/wp-json\/wp\/v2\/users\/19135"}],"replies":[{"embeddable":true,"href":"https:\/\/www.baranain.es\/eu\/wp-json\/wp\/v2\/comments?post=43546"}],"version-history":[{"count":6,"href":"https:\/\/www.baranain.es\/eu\/wp-json\/wp\/v2\/pages\/43546\/revisions"}],"predecessor-version":[{"id":67444,"href":"https:\/\/www.baranain.es\/eu\/wp-json\/wp\/v2\/pages\/43546\/revisions\/67444"}],"up":[{"embeddable":true,"href":"https:\/\/www.baranain.es\/eu\/wp-json\/wp\/v2\/pages\/43542"}],"wp:attachment":[{"href":"https:\/\/www.baranain.es\/eu\/wp-json\/wp\/v2\/media?parent=43546"}],"curies":[{"name":"wp","href":"https:\/\/api.w.org\/{rel}","templated":true}]}}